{"id":1731,"date":"2025-09-25T10:49:54","date_gmt":"2025-09-25T08:49:54","guid":{"rendered":"https:\/\/prosoltec-solarsysteme.de\/aviso-legal\/"},"modified":"2026-02-27T12:47:48","modified_gmt":"2026-02-27T11:47:48","slug":"aviso-legal","status":"publish","type":"page","link":"https:\/\/prosoltec-solarsysteme.de\/es\/aviso-legal\/","title":{"rendered":"Aviso legal"},"content":{"rendered":"\t\t<div data-elementor-type=\"wp-page\" data-elementor-id=\"1731\" class=\"elementor elementor-1731 elementor-847\" data-elementor-post-type=\"page\">\n\t\t\t\t<div class=\"elementor-element elementor-element-ed78875 e-flex e-con-boxed e-con e-parent\" data-id=\"ed78875\" data-element_type=\"container\" data-e-type=\"container\" data-settings=\"{&quot;background_background&quot;:&quot;classic&quot;}\">\n\t\t\t\t\t<div class=\"e-con-inner\">\n\t\t<div class=\"elementor-element elementor-element-7ffa367 e-con-full e-flex e-con e-child\" data-id=\"7ffa367\" data-element_type=\"container\" data-e-type=\"container\">\n\t\t<div class=\"elementor-element elementor-element-5a3f959 e-con-full e-flex e-con e-child\" data-id=\"5a3f959\" data-element_type=\"container\" data-e-type=\"container\">\n\t\t\t\t<div class=\"elementor-element elementor-element-0ca52ac elementor-widget__width-inherit elementor-widget-tablet__width-inherit elementor-widget-mobile__width-inherit elementor-widget elementor-widget-heading\" data-id=\"0ca52ac\" data-element_type=\"widget\" data-e-type=\"widget\" data-widget_type=\"heading.default\">\n\t\t\t\t\t<h1 class=\"elementor-heading-title elementor-size-default\">Aviso legal<\/h1>\t\t\t\t<\/div>\n\t\t\t\t<\/div>\n\t\t\t\t<\/div>\n\t\t\t\t\t<\/div>\n\t\t\t\t<\/div>\n\t\t<div class=\"elementor-element elementor-element-1ab69d4f e-flex e-con-boxed e-con e-parent\" data-id=\"1ab69d4f\" data-element_type=\"container\" data-e-type=\"container\">\n\t\t\t\t\t<div class=\"e-con-inner\">\n\t\t\t\t<div class=\"elementor-element elementor-element-122ce62b elementor-widget elementor-widget-text-editor\" data-id=\"122ce62b\" data-element_type=\"widget\" data-e-type=\"widget\" data-widget_type=\"text-editor.default\">\n\t\t\t\t\t\t\t\t\t\n<p>Datos seg\u00fan el \u00a7 5 de la TMG:<\/p>\n<p>PROSOLTEC Solarsysteme GmbH<br>Bonnstr. 15<br>50226 Frechen<\/p>\n<p>Registro mercantil: HRB 76797<br>Juzgado de registro: Juzgado de Primera Instancia de Colonia<\/p>\n<p>Representado por: Javier Pastor Teverga (Director general)<\/p>\n<p>Contacto<br>Tel\u00e9fono: +49 (0) 2234 4300610<br>Telefax: +49 (0) 2234 2001093<br>Correo electr\u00f3nico: info@prosoltec-solarsysteme.de<\/p>\n<p>N.\u00ba de identificaci\u00f3n fiscal (IVA)<br>N\u00famero de identificaci\u00f3n fiscal seg\u00fan el \u00a7 27 a de la Ley del Impuesto sobre el Valor A\u00f1adido: DE285598989<\/p>\n\t\t\t\t\t\t\t\t<\/div>\n\t\t\t\t\t<\/div>\n\t\t\t\t<\/div>\n\t\t\t\t<\/div>\n\t\t","protected":false},"excerpt":{"rendered":"<p>Aviso legal Datos seg\u00fan el \u00a7 5 de la TMG: PROSOLTEC Solarsysteme GmbHBonnstr. 1550226 Frechen Registro mercantil: HRB 76797Juzgado de registro: Juzgado de Primera Instancia de Colonia Representado por: Javier Pastor Teverga (Director general) ContactoTel\u00e9fono: +49 (0) 2234 4300610Telefax: +49 (0) 2234 2001093Correo electr\u00f3nico: info@prosoltec-solarsysteme.de N.\u00ba de identificaci\u00f3n fiscal (IVA)N\u00famero de identificaci\u00f3n fiscal seg\u00fan el [&hellip;]<\/p>\n","protected":false},"author":3,"featured_media":0,"parent":0,"menu_order":0,"comment_status":"closed","ping_status":"closed","template":"","meta":{"footnotes":""},"class_list":["post-1731","page","type-page","status-publish","hentry"],"_links":{"self":[{"href":"https:\/\/prosoltec-solarsysteme.de\/es\/wp-json\/wp\/v2\/pages\/1731","targetHints":{"allow":["GET"]}}],"collection":[{"href":"https:\/\/prosoltec-solarsysteme.de\/es\/wp-json\/wp\/v2\/pages"}],"about":[{"href":"https:\/\/prosoltec-solarsysteme.de\/es\/wp-json\/wp\/v2\/types\/page"}],"author":[{"embeddable":true,"href":"https:\/\/prosoltec-solarsysteme.de\/es\/wp-json\/wp\/v2\/users\/3"}],"replies":[{"embeddable":true,"href":"https:\/\/prosoltec-solarsysteme.de\/es\/wp-json\/wp\/v2\/comments?post=1731"}],"version-history":[{"count":5,"href":"https:\/\/prosoltec-solarsysteme.de\/es\/wp-json\/wp\/v2\/pages\/1731\/revisions"}],"predecessor-version":[{"id":1750,"href":"https:\/\/prosoltec-solarsysteme.de\/es\/wp-json\/wp\/v2\/pages\/1731\/revisions\/1750"}],"wp:attachment":[{"href":"https:\/\/prosoltec-solarsysteme.de\/es\/wp-json\/wp\/v2\/media?parent=1731"}],"curies":[{"name":"wp","href":"https:\/\/api.w.org\/{rel}","templated":true}]}}